{"id":289,"date":"2025-06-04T16:54:51","date_gmt":"2025-06-04T21:54:51","guid":{"rendered":"https:\/\/www.vicsun.pe\/?post_type=product&#038;p=289"},"modified":"2026-03-26T12:14:33","modified_gmt":"2026-03-26T17:14:33","slug":"js12-5ah-serie-js-agm","status":"publish","type":"product","link":"https:\/\/www.vicsun.pe\/es\/producto\/js12-5ah-serie-js-agm\/","title":{"rendered":"JS12-5AH: SERIE JS AGM"},"content":{"rendered":"<p data-start=\"135\" data-end=\"527\">La <strong data-start=\"138\" data-end=\"150\">JS12-5AH<\/strong> es una bater\u00eda sellada tipo AGM de <strong data-start=\"186\" data-end=\"218\">12 voltios y 5 amperios-hora<\/strong>, ideal para aplicaciones que requieren un suministro de energ\u00eda confiable y constante. Su tecnolog\u00eda VRLA libre de mantenimiento permite un funcionamiento seguro en diversas posiciones. Es com\u00fanmente utilizada en sistemas de alarma, luces de emergencia, juguetes el\u00e9ctricos, UPS, y peque\u00f1os sistemas solares.<\/p>\n<h4 data-start=\"529\" data-end=\"567\">\ud83d\udd27 <strong data-start=\"537\" data-end=\"567\">Especificaciones t\u00e9cnicas:<\/strong><\/h4>\n<ul data-start=\"568\" data-end=\"987\">\n<li data-start=\"568\" data-end=\"596\">\n<p data-start=\"570\" data-end=\"596\"><strong data-start=\"570\" data-end=\"590\">Voltaje nominal:<\/strong> 12V<\/p>\n<\/li>\n<li data-start=\"597\" data-end=\"619\">\n<p data-start=\"599\" data-end=\"619\"><strong data-start=\"599\" data-end=\"613\">Capacidad:<\/strong> 5Ah<\/p>\n<\/li>\n<li data-start=\"620\" data-end=\"665\">\n<p data-start=\"622\" data-end=\"665\"><strong data-start=\"622\" data-end=\"637\">Tecnolog\u00eda:<\/strong> AGM (Absorbent Glass Mat)<\/p>\n<\/li>\n<li data-start=\"666\" data-end=\"716\">\n<p data-start=\"668\" data-end=\"716\"><strong data-start=\"668\" data-end=\"677\">Tipo:<\/strong> VRLA \u2013 Sellada, regulada por v\u00e1lvula<\/p>\n<\/li>\n<li data-start=\"717\" data-end=\"787\">\n<p data-start=\"719\" data-end=\"787\"><strong data-start=\"719\" data-end=\"785\">Ciclo de vida prolongado con buena recuperaci\u00f3n ante descargas<\/strong><\/p>\n<\/li>\n<li data-start=\"788\" data-end=\"837\">\n<p data-start=\"790\" data-end=\"837\"><strong data-start=\"790\" data-end=\"835\">Libre de mantenimiento, a prueba de fugas<\/strong><\/p>\n<\/li>\n<li data-start=\"838\" data-end=\"882\">\n<p data-start=\"840\" data-end=\"882\"><strong data-start=\"840\" data-end=\"880\">Compacta, segura y f\u00e1cil de instalar<\/strong><\/p>\n<\/li>\n<li data-start=\"883\" data-end=\"987\">\n<p data-start=\"885\" data-end=\"987\"><strong data-start=\"885\" data-end=\"905\">Usos frecuentes:<\/strong> UPS, sistemas de seguridad, se\u00f1alizaci\u00f3n, respaldo energ\u00e9tico, telecomunicaciones<\/p>\n<\/li>\n<\/ul>\n","protected":false},"excerpt":{"rendered":"<p data-start=\"1025\" data-end=\"1140\">Bater\u00eda AGM 12V 5Ah, sellada y libre de mantenimiento, ideal para respaldo el\u00e9ctrico, seguridad y uso solar b\u00e1sico.<\/p>\n","protected":false},"featured_media":290,"comment_status":"open","ping_status":"closed","template":"","meta":[],"product_brand":[],"product_cat":[33],"product_tag":[],"class_list":{"0":"post-289","1":"product","2":"type-product","3":"status-publish","4":"has-post-thumbnail","6":"product_cat-baterias-agm-ciclo-profundo","8":"first","9":"instock","10":"sale","11":"taxable","12":"shipping-taxable","13":"purchasable","14":"product-type-simple"},"_links":{"self":[{"href":"https:\/\/www.vicsun.pe\/es\/wp-json\/wp\/v2\/product\/289","targetHints":{"allow":["GET"]}}],"collection":[{"href":"https:\/\/www.vicsun.pe\/es\/wp-json\/wp\/v2\/product"}],"about":[{"href":"https:\/\/www.vicsun.pe\/es\/wp-json\/wp\/v2\/types\/product"}],"replies":[{"embeddable":true,"href":"https:\/\/www.vicsun.pe\/es\/wp-json\/wp\/v2\/comments?post=289"}],"wp:featuredmedia":[{"embeddable":true,"href":"https:\/\/www.vicsun.pe\/es\/wp-json\/wp\/v2\/media\/290"}],"wp:attachment":[{"href":"https:\/\/www.vicsun.pe\/es\/wp-json\/wp\/v2\/media?parent=289"}],"wp:term":[{"taxonomy":"product_brand","embeddable":true,"href":"https:\/\/www.vicsun.pe\/es\/wp-json\/wp\/v2\/product_brand?post=289"},{"taxonomy":"product_cat","embeddable":true,"href":"https:\/\/www.vicsun.pe\/es\/wp-json\/wp\/v2\/product_cat?post=289"},{"taxonomy":"product_tag","embeddable":true,"href":"https:\/\/www.vicsun.pe\/es\/wp-json\/wp\/v2\/product_tag?post=289"}],"curies":[{"name":"wp","href":"https:\/\/api.w.org\/{rel}","templated":true}]}}