{"id":298,"date":"2025-06-05T14:21:16","date_gmt":"2025-06-05T19:21:16","guid":{"rendered":"https:\/\/www.vicsun.pe\/?post_type=product&#038;p=298"},"modified":"2026-03-26T12:12:48","modified_gmt":"2026-03-26T17:12:48","slug":"js12-12ah-serie-js-agm","status":"publish","type":"product","link":"https:\/\/www.vicsun.pe\/es\/producto\/js12-12ah-serie-js-agm\/","title":{"rendered":"JS12-12AH: SERIE JS AGM"},"content":{"rendered":"<p data-start=\"170\" data-end=\"505\">La <strong data-start=\"173\" data-end=\"186\">JS12-12AH<\/strong> es una bater\u00eda de plomo-\u00e1cido sellada con tecnolog\u00eda <strong data-start=\"240\" data-end=\"252\">AGM VRLA<\/strong>, que ofrece <strong data-start=\"265\" data-end=\"311\">12V de voltaje nominal y 12Ah de capacidad<\/strong>. Dise\u00f1ada para brindar <strong data-start=\"335\" data-end=\"355\">alto rendimiento<\/strong>, durabilidad y seguridad, es ideal para aplicaciones de respaldo, sistemas solares peque\u00f1os, UPS, alarmas, telecomunicaciones y equipos electr\u00f3nicos.<\/p>\n<h4 data-start=\"507\" data-end=\"545\">\ud83d\udd27 <strong data-start=\"515\" data-end=\"545\">Especificaciones t\u00e9cnicas:<\/strong><\/h4>\n<ul data-start=\"546\" data-end=\"884\">\n<li data-start=\"546\" data-end=\"574\">\n<p data-start=\"548\" data-end=\"574\"><strong data-start=\"548\" data-end=\"568\">Voltaje nominal:<\/strong> 12V<\/p>\n<\/li>\n<li data-start=\"575\" data-end=\"598\">\n<p data-start=\"577\" data-end=\"598\"><strong data-start=\"577\" data-end=\"591\">Capacidad:<\/strong> 12Ah<\/p>\n<\/li>\n<li data-start=\"599\" data-end=\"655\">\n<p data-start=\"601\" data-end=\"655\"><strong data-start=\"601\" data-end=\"616\">Tecnolog\u00eda:<\/strong> AGM VRLA (Valve Regulated Lead Acid)<\/p>\n<\/li>\n<li data-start=\"656\" data-end=\"703\">\n<p data-start=\"658\" data-end=\"703\"><strong data-start=\"658\" data-end=\"701\">Bater\u00eda sellada, libre de mantenimiento<\/strong><\/p>\n<\/li>\n<li data-start=\"704\" data-end=\"755\">\n<p data-start=\"706\" data-end=\"755\"><strong data-start=\"706\" data-end=\"753\">Buena recuperaci\u00f3n tras descargas profundas<\/strong><\/p>\n<\/li>\n<li data-start=\"756\" data-end=\"884\">\n<p data-start=\"758\" data-end=\"884\"><strong data-start=\"758\" data-end=\"775\">Aplicaciones:<\/strong> UPS, sistemas de alarma, iluminaci\u00f3n de emergencia, respaldo solar, juguetes el\u00e9ctricos, equipamiento m\u00e9dico<\/p>\n<\/li>\n<\/ul>\n","protected":false},"excerpt":{"rendered":"<p data-start=\"922\" data-end=\"1026\">Bater\u00eda AGM sellada 12V 12Ah, sin mantenimiento. Ideal para UPS, respaldo solar y sistemas de seguridad.<\/p>\n","protected":false},"featured_media":299,"comment_status":"open","ping_status":"closed","template":"","meta":[],"product_brand":[],"product_cat":[33],"product_tag":[],"class_list":{"0":"post-298","1":"product","2":"type-product","3":"status-publish","4":"has-post-thumbnail","6":"product_cat-baterias-agm-ciclo-profundo","8":"first","9":"instock","10":"sale","11":"taxable","12":"shipping-taxable","13":"purchasable","14":"product-type-simple"},"_links":{"self":[{"href":"https:\/\/www.vicsun.pe\/es\/wp-json\/wp\/v2\/product\/298","targetHints":{"allow":["GET"]}}],"collection":[{"href":"https:\/\/www.vicsun.pe\/es\/wp-json\/wp\/v2\/product"}],"about":[{"href":"https:\/\/www.vicsun.pe\/es\/wp-json\/wp\/v2\/types\/product"}],"replies":[{"embeddable":true,"href":"https:\/\/www.vicsun.pe\/es\/wp-json\/wp\/v2\/comments?post=298"}],"wp:featuredmedia":[{"embeddable":true,"href":"https:\/\/www.vicsun.pe\/es\/wp-json\/wp\/v2\/media\/299"}],"wp:attachment":[{"href":"https:\/\/www.vicsun.pe\/es\/wp-json\/wp\/v2\/media?parent=298"}],"wp:term":[{"taxonomy":"product_brand","embeddable":true,"href":"https:\/\/www.vicsun.pe\/es\/wp-json\/wp\/v2\/product_brand?post=298"},{"taxonomy":"product_cat","embeddable":true,"href":"https:\/\/www.vicsun.pe\/es\/wp-json\/wp\/v2\/product_cat?post=298"},{"taxonomy":"product_tag","embeddable":true,"href":"https:\/\/www.vicsun.pe\/es\/wp-json\/wp\/v2\/product_tag?post=298"}],"curies":[{"name":"wp","href":"https:\/\/api.w.org\/{rel}","templated":true}]}}