{"id":302,"date":"2025-06-05T14:29:36","date_gmt":"2025-06-05T19:29:36","guid":{"rendered":"https:\/\/www.vicsun.pe\/?post_type=product&#038;p=302"},"modified":"2026-03-26T12:12:34","modified_gmt":"2026-03-26T17:12:34","slug":"js12-26ah-serie-js-agm","status":"publish","type":"product","link":"https:\/\/www.vicsun.pe\/es\/producto\/js12-26ah-serie-js-agm\/","title":{"rendered":"JS12-26AH: SERIE JS AGM"},"content":{"rendered":"<p data-start=\"164\" data-end=\"467\">La <strong data-start=\"167\" data-end=\"180\">JS12-26AH<\/strong> es una bater\u00eda <strong data-start=\"196\" data-end=\"208\">AGM VRLA<\/strong> de <strong data-start=\"212\" data-end=\"226\">12 voltios<\/strong> y <strong data-start=\"229\" data-end=\"249\">26 amperios-hora<\/strong>, ideal para aplicaciones de respaldo energ\u00e9tico, sistemas solares, movilidad el\u00e9ctrica y UPS. Gracias a su tecnolog\u00eda sellada, no requiere mantenimiento y ofrece una excelente resistencia a ciclos de carga y descarga.<\/p>\n<h4 data-start=\"469\" data-end=\"507\">\ud83d\udd27 <strong data-start=\"477\" data-end=\"507\">Especificaciones t\u00e9cnicas:<\/strong><\/h4>\n<ul data-start=\"508\" data-end=\"978\">\n<li data-start=\"508\" data-end=\"536\">\n<p data-start=\"510\" data-end=\"536\"><strong data-start=\"510\" data-end=\"530\">Voltaje nominal:<\/strong> 12V<\/p>\n<\/li>\n<li data-start=\"537\" data-end=\"560\">\n<p data-start=\"539\" data-end=\"560\"><strong data-start=\"539\" data-end=\"553\">Capacidad:<\/strong> 26Ah<\/p>\n<\/li>\n<li data-start=\"561\" data-end=\"611\">\n<p data-start=\"563\" data-end=\"611\"><strong data-start=\"563\" data-end=\"578\">Tecnolog\u00eda:<\/strong> AGM (Absorbent Glass Mat) VRLA<\/p>\n<\/li>\n<li data-start=\"612\" data-end=\"660\">\n<p data-start=\"614\" data-end=\"660\"><strong data-start=\"614\" data-end=\"658\">Libre de mantenimiento \/ Bater\u00eda sellada<\/strong><\/p>\n<\/li>\n<li data-start=\"661\" data-end=\"705\">\n<p data-start=\"663\" data-end=\"705\"><strong data-start=\"663\" data-end=\"703\">Alta eficiencia en descarga profunda<\/strong><\/p>\n<\/li>\n<li data-start=\"706\" data-end=\"765\">\n<p data-start=\"708\" data-end=\"765\"><strong data-start=\"708\" data-end=\"763\">Dise\u00f1ada para uso en posici\u00f3n vertical u horizontal<\/strong><\/p>\n<\/li>\n<li data-start=\"766\" data-end=\"821\">\n<p data-start=\"768\" data-end=\"821\"><strong data-start=\"768\" data-end=\"791\">Vida \u00fatil estimada:<\/strong> 5 a 10 a\u00f1os en uso flotante<\/p>\n<\/li>\n<li data-start=\"822\" data-end=\"978\">\n<p data-start=\"824\" data-end=\"978\"><strong data-start=\"824\" data-end=\"841\">Aplicaciones:<\/strong> UPS, energ\u00edas renovables, movilidad (sillas de ruedas el\u00e9ctricas, scooters), sistemas de seguridad, equipos m\u00e9dicos y telecomunicaciones<\/p>\n<\/li>\n<\/ul>\n","protected":false},"excerpt":{"rendered":"<p>Bater\u00eda AGM 12V 26Ah, sellada y sin mantenimiento. Ideal para energ\u00eda solar, UPS y movilidad el\u00e9ctrica.<\/p>\n","protected":false},"featured_media":303,"comment_status":"open","ping_status":"closed","template":"","meta":[],"product_brand":[],"product_cat":[33],"product_tag":[],"class_list":{"0":"post-302","1":"product","2":"type-product","3":"status-publish","4":"has-post-thumbnail","6":"product_cat-baterias-agm-ciclo-profundo","8":"first","9":"instock","10":"sale","11":"taxable","12":"shipping-taxable","13":"purchasable","14":"product-type-simple"},"_links":{"self":[{"href":"https:\/\/www.vicsun.pe\/es\/wp-json\/wp\/v2\/product\/302","targetHints":{"allow":["GET"]}}],"collection":[{"href":"https:\/\/www.vicsun.pe\/es\/wp-json\/wp\/v2\/product"}],"about":[{"href":"https:\/\/www.vicsun.pe\/es\/wp-json\/wp\/v2\/types\/product"}],"replies":[{"embeddable":true,"href":"https:\/\/www.vicsun.pe\/es\/wp-json\/wp\/v2\/comments?post=302"}],"wp:featuredmedia":[{"embeddable":true,"href":"https:\/\/www.vicsun.pe\/es\/wp-json\/wp\/v2\/media\/303"}],"wp:attachment":[{"href":"https:\/\/www.vicsun.pe\/es\/wp-json\/wp\/v2\/media?parent=302"}],"wp:term":[{"taxonomy":"product_brand","embeddable":true,"href":"https:\/\/www.vicsun.pe\/es\/wp-json\/wp\/v2\/product_brand?post=302"},{"taxonomy":"product_cat","embeddable":true,"href":"https:\/\/www.vicsun.pe\/es\/wp-json\/wp\/v2\/product_cat?post=302"},{"taxonomy":"product_tag","embeddable":true,"href":"https:\/\/www.vicsun.pe\/es\/wp-json\/wp\/v2\/product_tag?post=302"}],"curies":[{"name":"wp","href":"https:\/\/api.w.org\/{rel}","templated":true}]}}