{"id":304,"date":"2025-06-05T14:34:01","date_gmt":"2025-06-05T19:34:01","guid":{"rendered":"https:\/\/www.vicsun.pe\/?post_type=product&#038;p=304"},"modified":"2025-12-16T16:26:47","modified_gmt":"2025-12-16T21:26:47","slug":"js12-33ah-serie-ciclo-profundo-de-gel-agm","status":"publish","type":"product","link":"https:\/\/www.vicsun.pe\/es\/producto\/js12-33ah-serie-ciclo-profundo-de-gel-agm\/","title":{"rendered":"JDG12-33AH AGM-GEL"},"content":{"rendered":"<p data-start=\"192\" data-end=\"581\">La <strong data-start=\"195\" data-end=\"208\">JS12-33AH<\/strong> es una bater\u00eda <strong data-start=\"224\" data-end=\"253\">GEL AGM de ciclo profundo<\/strong> con una capacidad de <strong data-start=\"275\" data-end=\"289\">33Ah a 12V<\/strong>, dise\u00f1ada especialmente para aplicaciones que requieren descargas frecuentes y profundas, como sistemas solares, telecomunicaciones, equipos m\u00e9dicos, movilidad el\u00e9ctrica y respaldo de energ\u00eda. Su tecnolog\u00eda de electrolito en gel mejora la vida \u00fatil y el rendimiento en condiciones exigentes.<\/p>\n<h4 data-start=\"583\" data-end=\"621\">\ud83d\udd27 <strong data-start=\"591\" data-end=\"621\">Especificaciones t\u00e9cnicas:<\/strong><\/h4>\n<ul data-start=\"622\" data-end=\"1089\">\n<li data-start=\"622\" data-end=\"650\">\n<p data-start=\"624\" data-end=\"650\"><strong data-start=\"624\" data-end=\"644\">Voltaje nominal:<\/strong> 12V<\/p>\n<\/li>\n<li data-start=\"651\" data-end=\"695\">\n<p data-start=\"653\" data-end=\"695\"><strong data-start=\"653\" data-end=\"675\">Capacidad nominal:<\/strong> 33Ah (a 20 horas)<\/p>\n<\/li>\n<li data-start=\"696\" data-end=\"740\">\n<p data-start=\"698\" data-end=\"740\"><strong data-start=\"698\" data-end=\"713\">Tecnolog\u00eda:<\/strong> GEL AGM (ciclo profundo)<\/p>\n<\/li>\n<li data-start=\"741\" data-end=\"786\">\n<p data-start=\"743\" data-end=\"786\"><strong data-start=\"743\" data-end=\"752\">Tipo:<\/strong> Sellada, libre de mantenimiento<\/p>\n<\/li>\n<li data-start=\"787\" data-end=\"844\">\n<p data-start=\"789\" data-end=\"844\"><strong data-start=\"789\" data-end=\"842\">Resistencia a vibraciones y temperaturas extremas<\/strong><\/p>\n<\/li>\n<li data-start=\"845\" data-end=\"916\">\n<p data-start=\"847\" data-end=\"916\"><strong data-start=\"847\" data-end=\"914\">Descarga profunda: &gt; 600 ciclos al 80% DOD (Depth of Discharge)<\/strong><\/p>\n<\/li>\n<li data-start=\"917\" data-end=\"974\">\n<p data-start=\"919\" data-end=\"974\"><strong data-start=\"919\" data-end=\"942\">Vida \u00fatil estimada:<\/strong> 8 a 10 a\u00f1os (en uso flotante)<\/p>\n<\/li>\n<li data-start=\"975\" data-end=\"1089\">\n<p data-start=\"977\" data-end=\"1089\"><strong data-start=\"977\" data-end=\"994\">Aplicaciones:<\/strong> Energ\u00eda solar, e\u00f3lica, UPS, sistemas de respaldo, sillas el\u00e9ctricas, telecomunicaciones y m\u00e1s.<\/p>\n<\/li>\n<\/ul>\n","protected":false},"excerpt":{"rendered":"<p data-start=\"1127\" data-end=\"1246\">Bater\u00eda GEL AGM de ciclo profundo 12V 33Ah, ideal para energ\u00eda solar y aplicaciones con descargas profundas frecuentes.<\/p>\n","protected":false},"featured_media":305,"comment_status":"open","ping_status":"closed","template":"","meta":[],"product_brand":[],"product_cat":[32],"product_tag":[],"class_list":{"0":"post-304","1":"product","2":"type-product","3":"status-publish","4":"has-post-thumbnail","6":"product_cat-de-gel","8":"first","9":"instock","10":"sale","11":"taxable","12":"shipping-taxable","13":"purchasable","14":"product-type-simple"},"_links":{"self":[{"href":"https:\/\/www.vicsun.pe\/es\/wp-json\/wp\/v2\/product\/304","targetHints":{"allow":["GET"]}}],"collection":[{"href":"https:\/\/www.vicsun.pe\/es\/wp-json\/wp\/v2\/product"}],"about":[{"href":"https:\/\/www.vicsun.pe\/es\/wp-json\/wp\/v2\/types\/product"}],"replies":[{"embeddable":true,"href":"https:\/\/www.vicsun.pe\/es\/wp-json\/wp\/v2\/comments?post=304"}],"wp:featuredmedia":[{"embeddable":true,"href":"https:\/\/www.vicsun.pe\/es\/wp-json\/wp\/v2\/media\/305"}],"wp:attachment":[{"href":"https:\/\/www.vicsun.pe\/es\/wp-json\/wp\/v2\/media?parent=304"}],"wp:term":[{"taxonomy":"product_brand","embeddable":true,"href":"https:\/\/www.vicsun.pe\/es\/wp-json\/wp\/v2\/product_brand?post=304"},{"taxonomy":"product_cat","embeddable":true,"href":"https:\/\/www.vicsun.pe\/es\/wp-json\/wp\/v2\/product_cat?post=304"},{"taxonomy":"product_tag","embeddable":true,"href":"https:\/\/www.vicsun.pe\/es\/wp-json\/wp\/v2\/product_tag?post=304"}],"curies":[{"name":"wp","href":"https:\/\/api.w.org\/{rel}","templated":true}]}}