{"id":318,"date":"2025-06-05T15:04:14","date_gmt":"2025-06-05T20:04:14","guid":{"rendered":"https:\/\/www.vicsun.pe\/?post_type=product&#038;p=318"},"modified":"2026-01-05T10:57:39","modified_gmt":"2026-01-05T15:57:39","slug":"6-evf-36-3-serie-evf","status":"publish","type":"product","link":"https:\/\/www.vicsun.pe\/es\/producto\/6-evf-36-3-serie-evf\/","title":{"rendered":"6-EVF-36.3: SERIE EVF"},"content":{"rendered":"<p data-start=\"179\" data-end=\"643\">Bater\u00eda sellada de plomo \u00e1cido con tecnolog\u00eda AGM (Absorbent Glass Mat), especialmente dise\u00f1ada para veh\u00edculos el\u00e9ctricos como scooters, bicicletas el\u00e9ctricas y carros de golf. Proporciona una capacidad de 36.3Ah a 6V con alta durabilidad y rendimiento en ciclos frecuentes de carga y descarga, garantizando energ\u00eda confiable y segura para movilidad el\u00e9ctrica. Sin mantenimiento y resistente a fugas, ideal para aplicaciones que requieren robustez y confiabilidad.<\/p>\n<h4 data-start=\"645\" data-end=\"676\">\ud83d\udd27 Especificaciones t\u00e9cnicas:<\/h4>\n<ul data-start=\"677\" data-end=\"1064\">\n<li data-start=\"677\" data-end=\"700\">\n<p data-start=\"679\" data-end=\"700\">Voltaje nominal: 6V<\/p>\n<\/li>\n<li data-start=\"701\" data-end=\"736\">\n<p data-start=\"703\" data-end=\"736\">Capacidad nominal: 36.3Ah (C20)<\/p>\n<\/li>\n<li data-start=\"737\" data-end=\"781\">\n<p data-start=\"739\" data-end=\"781\">Tecnolog\u00eda: VRLA AGM (sin mantenimiento)<\/p>\n<\/li>\n<li data-start=\"782\" data-end=\"837\">\n<p data-start=\"784\" data-end=\"837\">Dise\u00f1ada para ciclos frecuentes de carga y descarga<\/p>\n<\/li>\n<li data-start=\"838\" data-end=\"882\">\n<p data-start=\"840\" data-end=\"882\">Construcci\u00f3n resistente y libre de fugas<\/p>\n<\/li>\n<li data-start=\"883\" data-end=\"950\">\n<p data-start=\"885\" data-end=\"950\">Terminales est\u00e1ndar para f\u00e1cil conexi\u00f3n en veh\u00edculos el\u00e9ctricos<\/p>\n<\/li>\n<li data-start=\"951\" data-end=\"1064\">\n<p data-start=\"953\" data-end=\"1064\">Aplicaciones: scooters el\u00e9ctricos, bicicletas el\u00e9ctricas, carros de golf, y otros veh\u00edculos el\u00e9ctricos ligeros.<\/p>\n<\/li>\n<\/ul>\n","protected":false},"excerpt":{"rendered":"<p data-start=\"1102\" data-end=\"1215\">Bater\u00eda AGM 6V 36.3Ah para veh\u00edculos el\u00e9ctricos, sin mantenimiento, durable y confiable para movilidad el\u00e9ctrica.<\/p>\n","protected":false},"featured_media":319,"comment_status":"open","ping_status":"closed","template":"","meta":[],"product_brand":[],"product_cat":[35],"product_tag":[],"class_list":{"0":"post-318","1":"product","2":"type-product","3":"status-publish","4":"has-post-thumbnail","6":"product_cat-para-vehiculos-electrectricos","8":"first","9":"instock","10":"sale","11":"taxable","12":"shipping-taxable","13":"purchasable","14":"product-type-simple"},"_links":{"self":[{"href":"https:\/\/www.vicsun.pe\/es\/wp-json\/wp\/v2\/product\/318","targetHints":{"allow":["GET"]}}],"collection":[{"href":"https:\/\/www.vicsun.pe\/es\/wp-json\/wp\/v2\/product"}],"about":[{"href":"https:\/\/www.vicsun.pe\/es\/wp-json\/wp\/v2\/types\/product"}],"replies":[{"embeddable":true,"href":"https:\/\/www.vicsun.pe\/es\/wp-json\/wp\/v2\/comments?post=318"}],"wp:featuredmedia":[{"embeddable":true,"href":"https:\/\/www.vicsun.pe\/es\/wp-json\/wp\/v2\/media\/319"}],"wp:attachment":[{"href":"https:\/\/www.vicsun.pe\/es\/wp-json\/wp\/v2\/media?parent=318"}],"wp:term":[{"taxonomy":"product_brand","embeddable":true,"href":"https:\/\/www.vicsun.pe\/es\/wp-json\/wp\/v2\/product_brand?post=318"},{"taxonomy":"product_cat","embeddable":true,"href":"https:\/\/www.vicsun.pe\/es\/wp-json\/wp\/v2\/product_cat?post=318"},{"taxonomy":"product_tag","embeddable":true,"href":"https:\/\/www.vicsun.pe\/es\/wp-json\/wp\/v2\/product_tag?post=318"}],"curies":[{"name":"wp","href":"https:\/\/api.w.org\/{rel}","templated":true}]}}