{"id":839,"date":"2025-07-12T11:52:42","date_gmt":"2025-07-12T16:52:42","guid":{"rendered":"https:\/\/www.vicsun.pe\/?post_type=product&#038;p=839"},"modified":"2025-12-16T12:24:30","modified_gmt":"2025-12-16T17:24:30","slug":"jm12-150h-agm-ciclo-profundo","status":"publish","type":"product","link":"https:\/\/www.vicsun.pe\/es\/producto\/jm12-150h-agm-ciclo-profundo\/","title":{"rendered":"JM12-150H AGM CICLO PROFUNDO"},"content":{"rendered":"<p data-start=\"195\" data-end=\"644\">La <strong data-start=\"198\" data-end=\"211\">JM12-150H<\/strong> es una bater\u00eda <strong data-start=\"227\" data-end=\"252\">AGM de ciclo profundo<\/strong>, dise\u00f1ada para aplicaciones exigentes que requieren <strong data-start=\"305\" data-end=\"364\">descargas profundas frecuentes y durabilidad prolongada<\/strong>. Con <strong data-start=\"370\" data-end=\"385\">12V y 150Ah<\/strong>, es ideal para sistemas de energ\u00eda solar, respaldo en UPS, telecomunicaciones, movilidad el\u00e9ctrica y uso industrial. Gracias a su tecnolog\u00eda VRLA, est\u00e1 completamente sellada, <strong data-start=\"561\" data-end=\"587\">libre de mantenimiento<\/strong> y segura para operar en interiores o espacios reducidos.<\/p>\n<h4 data-start=\"646\" data-end=\"684\">\ud83d\udd27 <strong data-start=\"654\" data-end=\"684\">Especificaciones t\u00e9cnicas:<\/strong><\/h4>\n<ul data-start=\"685\" data-end=\"1196\">\n<li data-start=\"685\" data-end=\"713\">\n<p data-start=\"687\" data-end=\"713\"><strong data-start=\"687\" data-end=\"707\">Voltaje nominal:<\/strong> 12V<\/p>\n<\/li>\n<li data-start=\"714\" data-end=\"759\">\n<p data-start=\"716\" data-end=\"759\"><strong data-start=\"716\" data-end=\"738\">Capacidad nominal:<\/strong> 150Ah (a 20 horas)<\/p>\n<\/li>\n<li data-start=\"760\" data-end=\"822\">\n<p data-start=\"762\" data-end=\"822\"><strong data-start=\"762\" data-end=\"777\">Tecnolog\u00eda:<\/strong> AGM (Absorbent Glass Mat) \u2013 Ciclo Profundo<\/p>\n<\/li>\n<li data-start=\"823\" data-end=\"881\">\n<p data-start=\"825\" data-end=\"881\"><strong data-start=\"825\" data-end=\"834\">Tipo:<\/strong> Bater\u00eda VRLA sellada, libre de mantenimiento<\/p>\n<\/li>\n<li data-start=\"882\" data-end=\"936\">\n<p data-start=\"884\" data-end=\"936\"><strong data-start=\"884\" data-end=\"908\">Ciclos de vida \u00fatil:<\/strong> 600\u2013800 ciclos al 80% DOD<\/p>\n<\/li>\n<li data-start=\"937\" data-end=\"981\">\n<p data-start=\"939\" data-end=\"981\"><strong data-start=\"939\" data-end=\"979\">Montaje flexible (excepto invertida)<\/strong><\/p>\n<\/li>\n<li data-start=\"982\" data-end=\"1025\">\n<p data-start=\"984\" data-end=\"1025\"><strong data-start=\"984\" data-end=\"1023\">Alta eficiencia de carga y descarga<\/strong><\/p>\n<\/li>\n<li data-start=\"1026\" data-end=\"1069\">\n<p data-start=\"1028\" data-end=\"1069\"><strong data-start=\"1028\" data-end=\"1067\">Baja autodescarga y larga vida \u00fatil<\/strong><\/p>\n<\/li>\n<li data-start=\"1070\" data-end=\"1196\">\n<p data-start=\"1072\" data-end=\"1196\"><strong data-start=\"1072\" data-end=\"1089\">Aplicaciones:<\/strong> sistemas solares, UPS, telecomunicaciones, movilidad el\u00e9ctrica, iluminaci\u00f3n aut\u00f3noma y respaldo industrial<\/p>\n<\/li>\n<\/ul>\n","protected":false},"excerpt":{"rendered":"<p data-start=\"1234\" data-end=\"1361\">Bater\u00eda AGM 12V 150Ah de ciclo profundo, libre de mantenimiento y de alto rendimiento para energ\u00eda solar y respaldo energ\u00e9tico.<\/p>\n","protected":false},"featured_media":840,"comment_status":"open","ping_status":"closed","template":"","meta":[],"product_brand":[],"product_cat":[33],"product_tag":[],"class_list":{"0":"post-839","1":"product","2":"type-product","3":"status-publish","4":"has-post-thumbnail","6":"product_cat-baterias-agm-ciclo-profundo","8":"first","9":"instock","10":"sale","11":"taxable","12":"shipping-taxable","13":"purchasable","14":"product-type-simple"},"_links":{"self":[{"href":"https:\/\/www.vicsun.pe\/es\/wp-json\/wp\/v2\/product\/839","targetHints":{"allow":["GET"]}}],"collection":[{"href":"https:\/\/www.vicsun.pe\/es\/wp-json\/wp\/v2\/product"}],"about":[{"href":"https:\/\/www.vicsun.pe\/es\/wp-json\/wp\/v2\/types\/product"}],"replies":[{"embeddable":true,"href":"https:\/\/www.vicsun.pe\/es\/wp-json\/wp\/v2\/comments?post=839"}],"wp:featuredmedia":[{"embeddable":true,"href":"https:\/\/www.vicsun.pe\/es\/wp-json\/wp\/v2\/media\/840"}],"wp:attachment":[{"href":"https:\/\/www.vicsun.pe\/es\/wp-json\/wp\/v2\/media?parent=839"}],"wp:term":[{"taxonomy":"product_brand","embeddable":true,"href":"https:\/\/www.vicsun.pe\/es\/wp-json\/wp\/v2\/product_brand?post=839"},{"taxonomy":"product_cat","embeddable":true,"href":"https:\/\/www.vicsun.pe\/es\/wp-json\/wp\/v2\/product_cat?post=839"},{"taxonomy":"product_tag","embeddable":true,"href":"https:\/\/www.vicsun.pe\/es\/wp-json\/wp\/v2\/product_tag?post=839"}],"curies":[{"name":"wp","href":"https:\/\/api.w.org\/{rel}","templated":true}]}}