{"id":842,"date":"2025-07-12T11:55:10","date_gmt":"2025-07-12T16:55:10","guid":{"rendered":"https:\/\/www.vicsun.pe\/?post_type=product&#038;p=842"},"modified":"2026-01-21T10:04:23","modified_gmt":"2026-01-21T15:04:23","slug":"jm12-55h-agm-ciclo-profundo","status":"publish","type":"product","link":"https:\/\/www.vicsun.pe\/es\/producto\/jm12-55h-agm-ciclo-profundo\/","title":{"rendered":"JM12-55H AGM CICLO PROFUNDO"},"content":{"rendered":"<p data-start=\"189\" data-end=\"664\">La <strong data-start=\"192\" data-end=\"204\">JM12-55H<\/strong> es una bater\u00eda <strong data-start=\"220\" data-end=\"253\">AGM sellada de ciclo profundo<\/strong>, con capacidad de <strong data-start=\"272\" data-end=\"286\">12V y 55Ah<\/strong>, dise\u00f1ada para soportar descargas frecuentes y prolongadas sin comprometer su rendimiento. Es una excelente opci\u00f3n para <strong data-start=\"407\" data-end=\"436\">sistemas solares peque\u00f1os<\/strong>, <strong data-start=\"438\" data-end=\"467\">equipos de respaldo (UPS)<\/strong>, <strong data-start=\"469\" data-end=\"490\">sillas el\u00e9ctricas<\/strong>, <strong data-start=\"492\" data-end=\"514\">telecomunicaciones<\/strong>, y otras aplicaciones de energ\u00eda port\u00e1til o estacionaria. Su tecnolog\u00eda VRLA permite una operaci\u00f3n <strong data-start=\"614\" data-end=\"635\">sin mantenimiento<\/strong>, segura y libre de derrames.<\/p>\n<h4 data-start=\"666\" data-end=\"704\">\ud83d\udd27 <strong data-start=\"674\" data-end=\"704\">Especificaciones t\u00e9cnicas:<\/strong><\/h4>\n<ul data-start=\"705\" data-end=\"1225\">\n<li data-start=\"705\" data-end=\"733\">\n<p data-start=\"707\" data-end=\"733\"><strong data-start=\"707\" data-end=\"727\">Voltaje nominal:<\/strong> 12V<\/p>\n<\/li>\n<li data-start=\"734\" data-end=\"771\">\n<p data-start=\"736\" data-end=\"771\"><strong data-start=\"736\" data-end=\"758\">Capacidad nominal:<\/strong> 55Ah (C20)<\/p>\n<\/li>\n<li data-start=\"772\" data-end=\"834\">\n<p data-start=\"774\" data-end=\"834\"><strong data-start=\"774\" data-end=\"789\">Tecnolog\u00eda:<\/strong> AGM (Absorbent Glass Mat) \u2013 Ciclo Profundo<\/p>\n<\/li>\n<li data-start=\"835\" data-end=\"888\">\n<p data-start=\"837\" data-end=\"888\"><strong data-start=\"837\" data-end=\"846\">Tipo:<\/strong> Sellada y libre de mantenimiento (VRLA)<\/p>\n<\/li>\n<li data-start=\"889\" data-end=\"943\">\n<p data-start=\"891\" data-end=\"943\"><strong data-start=\"891\" data-end=\"915\">Ciclos de vida \u00fatil:<\/strong> 600\u2013800 ciclos al 80% DOD<\/p>\n<\/li>\n<li data-start=\"944\" data-end=\"999\">\n<p data-start=\"946\" data-end=\"999\"><strong data-start=\"946\" data-end=\"997\">Dise\u00f1o compacto, ideal para uso port\u00e1til o fijo<\/strong><\/p>\n<\/li>\n<li data-start=\"1000\" data-end=\"1051\">\n<p data-start=\"1002\" data-end=\"1051\"><strong data-start=\"1002\" data-end=\"1049\">Buena recuperaci\u00f3n ante descargas profundas<\/strong><\/p>\n<\/li>\n<li data-start=\"1052\" data-end=\"1111\">\n<p data-start=\"1054\" data-end=\"1111\"><strong data-start=\"1054\" data-end=\"1109\">Montaje en m\u00faltiples posiciones (excepto invertida)<\/strong><\/p>\n<\/li>\n<li data-start=\"1112\" data-end=\"1225\">\n<p data-start=\"1114\" data-end=\"1225\"><strong data-start=\"1114\" data-end=\"1131\">Aplicaciones:<\/strong> paneles solares, telecomunicaciones, UPS, movilidad el\u00e9ctrica, seguridad, luces de emergencia<\/p>\n<\/li>\n<\/ul>\n","protected":false},"excerpt":{"rendered":"<p data-start=\"1263\" data-end=\"1382\">Bater\u00eda AGM 12V 55Ah de ciclo profundo, ideal para respaldo solar, UPS y energ\u00eda port\u00e1til. Sellada y sin mantenimiento.<\/p>\n","protected":false},"featured_media":843,"comment_status":"open","ping_status":"closed","template":"","meta":[],"product_brand":[],"product_cat":[33],"product_tag":[],"class_list":{"0":"post-842","1":"product","2":"type-product","3":"status-publish","4":"has-post-thumbnail","6":"product_cat-baterias-agm-ciclo-profundo","8":"first","9":"instock","10":"sale","11":"taxable","12":"shipping-taxable","13":"purchasable","14":"product-type-simple"},"_links":{"self":[{"href":"https:\/\/www.vicsun.pe\/es\/wp-json\/wp\/v2\/product\/842","targetHints":{"allow":["GET"]}}],"collection":[{"href":"https:\/\/www.vicsun.pe\/es\/wp-json\/wp\/v2\/product"}],"about":[{"href":"https:\/\/www.vicsun.pe\/es\/wp-json\/wp\/v2\/types\/product"}],"replies":[{"embeddable":true,"href":"https:\/\/www.vicsun.pe\/es\/wp-json\/wp\/v2\/comments?post=842"}],"wp:featuredmedia":[{"embeddable":true,"href":"https:\/\/www.vicsun.pe\/es\/wp-json\/wp\/v2\/media\/843"}],"wp:attachment":[{"href":"https:\/\/www.vicsun.pe\/es\/wp-json\/wp\/v2\/media?parent=842"}],"wp:term":[{"taxonomy":"product_brand","embeddable":true,"href":"https:\/\/www.vicsun.pe\/es\/wp-json\/wp\/v2\/product_brand?post=842"},{"taxonomy":"product_cat","embeddable":true,"href":"https:\/\/www.vicsun.pe\/es\/wp-json\/wp\/v2\/product_cat?post=842"},{"taxonomy":"product_tag","embeddable":true,"href":"https:\/\/www.vicsun.pe\/es\/wp-json\/wp\/v2\/product_tag?post=842"}],"curies":[{"name":"wp","href":"https:\/\/api.w.org\/{rel}","templated":true}]}}