{"id":848,"date":"2025-07-12T12:02:52","date_gmt":"2025-07-12T17:02:52","guid":{"rendered":"https:\/\/www.vicsun.pe\/?post_type=product&#038;p=848"},"modified":"2026-01-05T10:36:37","modified_gmt":"2026-01-05T15:36:37","slug":"jdg12-65ah-serie-ciclo-profundo-de-gel-agm-2","status":"publish","type":"product","link":"https:\/\/www.vicsun.pe\/es\/producto\/jdg12-65ah-serie-ciclo-profundo-de-gel-agm-2\/","title":{"rendered":"JDG12-65AH SERIE AGM-GEL"},"content":{"rendered":"<p data-start=\"226\" data-end=\"576\">La <strong data-start=\"229\" data-end=\"243\">JDG12-65AH<\/strong> es una bater\u00eda sellada de <strong data-start=\"270\" data-end=\"281\">Gel AGM<\/strong> dise\u00f1ada para soportar <strong data-start=\"305\" data-end=\"341\">descargas profundas y frecuentes<\/strong>, ofreciendo <strong data-start=\"354\" data-end=\"390\">alta durabilidad y confiabilidad<\/strong> en aplicaciones exigentes. Con una capacidad de <strong data-start=\"439\" data-end=\"453\">12V y 65Ah<\/strong>, es ideal para sistemas solares, respaldo de energ\u00eda, telecomunicaciones, equipos m\u00e9dicos y veh\u00edculos el\u00e9ctricos livianos.<\/p>\n<h4 data-start=\"578\" data-end=\"616\">\ud83d\udd27 <strong data-start=\"586\" data-end=\"616\">Especificaciones t\u00e9cnicas:<\/strong><\/h4>\n<ul data-start=\"617\" data-end=\"1171\">\n<li data-start=\"617\" data-end=\"645\">\n<p data-start=\"619\" data-end=\"645\"><strong data-start=\"619\" data-end=\"639\">Voltaje nominal:<\/strong> 12V<\/p>\n<\/li>\n<li data-start=\"646\" data-end=\"690\">\n<p data-start=\"648\" data-end=\"690\"><strong data-start=\"648\" data-end=\"670\">Capacidad nominal:<\/strong> 65Ah (a 20 horas)<\/p>\n<\/li>\n<li data-start=\"691\" data-end=\"735\">\n<p data-start=\"693\" data-end=\"735\"><strong data-start=\"693\" data-end=\"708\">Tecnolog\u00eda:<\/strong> GEL AGM \u2013 Ciclo Profundo<\/p>\n<\/li>\n<li data-start=\"736\" data-end=\"788\">\n<p data-start=\"738\" data-end=\"788\"><strong data-start=\"738\" data-end=\"747\">Tipo:<\/strong> Sellada, libre de mantenimiento (VRLA)<\/p>\n<\/li>\n<li data-start=\"789\" data-end=\"843\">\n<p data-start=\"791\" data-end=\"843\"><strong data-start=\"791\" data-end=\"815\">Ciclos de vida \u00fatil:<\/strong> 600\u2013800 ciclos al 80% DOD<\/p>\n<\/li>\n<li data-start=\"844\" data-end=\"910\">\n<p data-start=\"846\" data-end=\"910\"><strong data-start=\"846\" data-end=\"908\">Montaje seguro en distintas posiciones (excepto invertida)<\/strong><\/p>\n<\/li>\n<li data-start=\"911\" data-end=\"971\">\n<p data-start=\"913\" data-end=\"971\"><strong data-start=\"913\" data-end=\"969\">Baja autodescarga y resistencia a altas temperaturas<\/strong><\/p>\n<\/li>\n<li data-start=\"972\" data-end=\"1029\">\n<p data-start=\"974\" data-end=\"1029\"><strong data-start=\"974\" data-end=\"997\">Vida \u00fatil estimada:<\/strong> 8\u201310 a\u00f1os en uso en flotaci\u00f3n<\/p>\n<\/li>\n<li data-start=\"1030\" data-end=\"1171\">\n<p data-start=\"1032\" data-end=\"1171\"><strong data-start=\"1032\" data-end=\"1057\">Aplicaciones comunes:<\/strong> sistemas solares, UPS, telecomunicaciones, movilidad el\u00e9ctrica, respaldo de equipos m\u00e9dicos y luces de emergencia<\/p>\n<\/li>\n<\/ul>\n","protected":false},"excerpt":{"rendered":"<p data-start=\"1209\" data-end=\"1362\">Bater\u00eda GEL AGM 12V 65Ah de ciclo profundo. Ideal para sistemas solares, respaldo energ\u00e9tico y telecomunicaciones. Sin mantenimiento y de larga duraci\u00f3n.<\/p>\n","protected":false},"featured_media":849,"comment_status":"open","ping_status":"closed","template":"","meta":[],"product_brand":[],"product_cat":[32],"product_tag":[],"class_list":{"0":"post-848","1":"product","2":"type-product","3":"status-publish","4":"has-post-thumbnail","6":"product_cat-de-gel","8":"first","9":"instock","10":"sale","11":"taxable","12":"shipping-taxable","13":"purchasable","14":"product-type-simple"},"_links":{"self":[{"href":"https:\/\/www.vicsun.pe\/es\/wp-json\/wp\/v2\/product\/848","targetHints":{"allow":["GET"]}}],"collection":[{"href":"https:\/\/www.vicsun.pe\/es\/wp-json\/wp\/v2\/product"}],"about":[{"href":"https:\/\/www.vicsun.pe\/es\/wp-json\/wp\/v2\/types\/product"}],"replies":[{"embeddable":true,"href":"https:\/\/www.vicsun.pe\/es\/wp-json\/wp\/v2\/comments?post=848"}],"wp:featuredmedia":[{"embeddable":true,"href":"https:\/\/www.vicsun.pe\/es\/wp-json\/wp\/v2\/media\/849"}],"wp:attachment":[{"href":"https:\/\/www.vicsun.pe\/es\/wp-json\/wp\/v2\/media?parent=848"}],"wp:term":[{"taxonomy":"product_brand","embeddable":true,"href":"https:\/\/www.vicsun.pe\/es\/wp-json\/wp\/v2\/product_brand?post=848"},{"taxonomy":"product_cat","embeddable":true,"href":"https:\/\/www.vicsun.pe\/es\/wp-json\/wp\/v2\/product_cat?post=848"},{"taxonomy":"product_tag","embeddable":true,"href":"https:\/\/www.vicsun.pe\/es\/wp-json\/wp\/v2\/product_tag?post=848"}],"curies":[{"name":"wp","href":"https:\/\/api.w.org\/{rel}","templated":true}]}}