{"id":867,"date":"2025-07-12T12:43:47","date_gmt":"2025-07-12T17:43:47","guid":{"rendered":"https:\/\/www.vicsun.pe\/?post_type=product&#038;p=867"},"modified":"2026-04-14T15:51:54","modified_gmt":"2026-04-14T20:51:54","slug":"ts1000-24v-inversor-de-voltaje-onda-pura-1000w-24v-220vac","status":"publish","type":"product","link":"https:\/\/www.vicsun.pe\/es\/producto\/ts1000-24v-inversor-de-voltaje-onda-pura-1000w-24v-220vac\/","title":{"rendered":"TS1000-24V: INVERSOR DE VOLTAJE ONDA PURA  1000W (24V\/220VAC)"},"content":{"rendered":"<p data-start=\"234\" data-end=\"664\">El <strong data-start=\"237\" data-end=\"251\">TS1000-24V<\/strong> es un inversor de voltaje de <strong data-start=\"281\" data-end=\"303\">onda senoidal pura<\/strong>, con capacidad de <strong data-start=\"322\" data-end=\"331\">1000W<\/strong>, dise\u00f1ado para convertir corriente <strong data-start=\"367\" data-end=\"386\">continua de 24V<\/strong> en <strong data-start=\"390\" data-end=\"409\">alterna de 220V<\/strong>, replicando con alta fidelidad la energ\u00eda que entrega la red el\u00e9ctrica convencional. Ideal para alimentar <strong data-start=\"516\" data-end=\"537\">equipos sensibles<\/strong>, como electrodom\u00e9sticos, sistemas de comunicaci\u00f3n, motores y herramientas electr\u00f3nicas en instalaciones solares o de respaldo.<\/p>\n<h4 data-start=\"666\" data-end=\"704\">\ud83d\udd27 <strong data-start=\"674\" data-end=\"704\">Especificaciones t\u00e9cnicas:<\/strong><\/h4>\n<ul data-start=\"705\" data-end=\"1229\">\n<li data-start=\"705\" data-end=\"736\">\n<p data-start=\"707\" data-end=\"736\"><strong data-start=\"707\" data-end=\"728\">Potencia nominal:<\/strong> 1000W<\/p>\n<\/li>\n<li data-start=\"737\" data-end=\"768\">\n<p data-start=\"739\" data-end=\"768\"><strong data-start=\"739\" data-end=\"760\">Pico de potencia:<\/strong> 2000W<\/p>\n<\/li>\n<li data-start=\"769\" data-end=\"803\">\n<p data-start=\"771\" data-end=\"803\"><strong data-start=\"771\" data-end=\"794\">Voltaje de entrada:<\/strong> 24V DC<\/p>\n<\/li>\n<li data-start=\"804\" data-end=\"842\">\n<p data-start=\"806\" data-end=\"842\"><strong data-start=\"806\" data-end=\"828\">Voltaje de salida:<\/strong> 220V AC \u00b15%<\/p>\n<\/li>\n<li data-start=\"843\" data-end=\"867\">\n<p data-start=\"845\" data-end=\"867\"><strong data-start=\"845\" data-end=\"860\">Frecuencia:<\/strong> 50Hz<\/p>\n<\/li>\n<li data-start=\"868\" data-end=\"903\">\n<p data-start=\"870\" data-end=\"903\"><strong data-start=\"870\" data-end=\"887\">Tipo de onda:<\/strong> Senoidal pura<\/p>\n<\/li>\n<li data-start=\"904\" data-end=\"928\">\n<p data-start=\"906\" data-end=\"928\"><strong data-start=\"906\" data-end=\"921\">Eficiencia:<\/strong> \u226590%<\/p>\n<\/li>\n<li data-start=\"929\" data-end=\"1047\">\n<p data-start=\"931\" data-end=\"961\"><strong data-start=\"931\" data-end=\"959\">Protecciones integradas:<\/strong><\/p>\n<ul data-start=\"964\" data-end=\"1047\">\n<li data-start=\"964\" data-end=\"978\">\n<p data-start=\"966\" data-end=\"978\">Sobrecarga<\/p>\n<\/li>\n<li data-start=\"981\" data-end=\"998\">\n<p data-start=\"983\" data-end=\"998\">Cortocircuito<\/p>\n<\/li>\n<li data-start=\"1001\" data-end=\"1022\">\n<p data-start=\"1003\" data-end=\"1022\">Alta\/baja tensi\u00f3n<\/p>\n<\/li>\n<li data-start=\"1025\" data-end=\"1047\">\n<p data-start=\"1027\" data-end=\"1047\">Sobrecalentamiento<\/p>\n<\/li>\n<\/ul>\n<\/li>\n<li data-start=\"1048\" data-end=\"1100\">\n<p data-start=\"1050\" data-end=\"1100\"><strong data-start=\"1050\" data-end=\"1079\">Sistema de refrigeraci\u00f3n:<\/strong> Ventilaci\u00f3n activa<\/p>\n<\/li>\n<li data-start=\"1101\" data-end=\"1229\">\n<p data-start=\"1103\" data-end=\"1229\"><strong data-start=\"1103\" data-end=\"1120\">Aplicaciones:<\/strong> sistemas solares, computadoras, equipos de comunicaci\u00f3n, refrigeradores peque\u00f1os, televisores, motores y m\u00e1s<\/p>\n<\/li>\n<\/ul>\n","protected":false},"excerpt":{"rendered":"<p data-start=\"1267\" data-end=\"1396\">Inversor de onda pura 1000W (24V a 220V). Ideal para equipos sensibles y sistemas solares. Alta eficiencia y protecci\u00f3n completa.<\/p>\n","protected":false},"featured_media":870,"comment_status":"open","ping_status":"closed","template":"","meta":[],"product_brand":[],"product_cat":[27],"product_tag":[],"class_list":{"0":"post-867","1":"product","2":"type-product","3":"status-publish","4":"has-post-thumbnail","6":"product_cat-onda-pura","8":"first","9":"instock","10":"sale","11":"taxable","12":"shipping-taxable","13":"purchasable","14":"product-type-simple"},"_links":{"self":[{"href":"https:\/\/www.vicsun.pe\/es\/wp-json\/wp\/v2\/product\/867","targetHints":{"allow":["GET"]}}],"collection":[{"href":"https:\/\/www.vicsun.pe\/es\/wp-json\/wp\/v2\/product"}],"about":[{"href":"https:\/\/www.vicsun.pe\/es\/wp-json\/wp\/v2\/types\/product"}],"replies":[{"embeddable":true,"href":"https:\/\/www.vicsun.pe\/es\/wp-json\/wp\/v2\/comments?post=867"}],"wp:featuredmedia":[{"embeddable":true,"href":"https:\/\/www.vicsun.pe\/es\/wp-json\/wp\/v2\/media\/870"}],"wp:attachment":[{"href":"https:\/\/www.vicsun.pe\/es\/wp-json\/wp\/v2\/media?parent=867"}],"wp:term":[{"taxonomy":"product_brand","embeddable":true,"href":"https:\/\/www.vicsun.pe\/es\/wp-json\/wp\/v2\/product_brand?post=867"},{"taxonomy":"product_cat","embeddable":true,"href":"https:\/\/www.vicsun.pe\/es\/wp-json\/wp\/v2\/product_cat?post=867"},{"taxonomy":"product_tag","embeddable":true,"href":"https:\/\/www.vicsun.pe\/es\/wp-json\/wp\/v2\/product_tag?post=867"}],"curies":[{"name":"wp","href":"https:\/\/api.w.org\/{rel}","templated":true}]}}