{"id":993,"date":"2025-11-05T10:50:56","date_gmt":"2025-11-05T15:50:56","guid":{"rendered":"https:\/\/www.vicsun.pe\/?post_type=product&#038;p=993"},"modified":"2025-11-05T10:50:56","modified_gmt":"2025-11-05T15:50:56","slug":"iman-de-neodimio-10x10x5-kzy-10105","status":"publish","type":"product","link":"https:\/\/www.vicsun.pe\/es\/producto\/iman-de-neodimio-10x10x5-kzy-10105\/","title":{"rendered":"IM\u00c1N DE NEODIMIO 10\u00d710\u00d75 KZY-10105"},"content":{"rendered":"<p data-start=\"0\" data-end=\"313\">El <strong data-start=\"3\" data-end=\"43\">Im\u00e1n de Neodimio 10\u00d710\u00d75 KZY-10<em data-start=\"36\" data-end=\"40\">10<\/em>5<\/strong> es un bloque magn\u00e9tico potente y compacto, ideal para aplicaciones que requieren una fuerza de atracci\u00f3n elevada en un formato s\u00f3lido y estable. Gracias a su composici\u00f3n de neodimio (NdFeB), ofrece un rendimiento superior en comparaci\u00f3n con los imanes convencionales.<\/p>\n<p data-start=\"315\" data-end=\"350\">\ud83d\udd27 <strong data-start=\"318\" data-end=\"348\">Especificaciones t\u00e9cnicas:<\/strong><\/p>\n<ul data-start=\"351\" data-end=\"595\">\n<li data-start=\"351\" data-end=\"385\">\n<p data-start=\"353\" data-end=\"385\">Tipo: im\u00e1n de neodimio (NdFeB)<\/p>\n<\/li>\n<li data-start=\"386\" data-end=\"415\">\n<p data-start=\"388\" data-end=\"415\">Forma: bloque rectangular<\/p>\n<\/li>\n<li data-start=\"416\" data-end=\"443\">\n<p data-start=\"418\" data-end=\"443\">Dimensiones: 10\u00d710\u00d75 mm<\/p>\n<\/li>\n<li data-start=\"444\" data-end=\"488\">\n<p data-start=\"446\" data-end=\"488\">Alta fuerza magn\u00e9tica y gran durabilidad<\/p>\n<\/li>\n<li data-start=\"489\" data-end=\"541\">\n<p data-start=\"491\" data-end=\"541\">Recubrimiento niquelado para evitar la corrosi\u00f3n<\/p>\n<\/li>\n<li data-start=\"542\" data-end=\"595\">\n<p data-start=\"544\" data-end=\"595\">Temperatura m\u00e1xima de operaci\u00f3n aproximada: 80 \u00b0C<\/p>\n<\/li>\n<\/ul>\n<p data-start=\"597\" data-end=\"792\">\u26a1 <strong data-start=\"599\" data-end=\"616\">Aplicaciones:<\/strong><br data-start=\"616\" data-end=\"619\" \/>Perfecto para proyectos de rob\u00f3tica, cierres magn\u00e9ticos, experimentos de f\u00edsica, electr\u00f3nica, maquetas, bricolaje y usos industriales donde se requiere una sujeci\u00f3n firme.<\/p>\n","protected":false},"excerpt":{"rendered":"<article class=\"text-token-text-primary w-full focus:outline-none [--shadow-height:45px] has-data-writing-block:pointer-events-none has-data-writing-block:-mt-(--shadow-height) has-data-writing-block:pt-(--shadow-height) [&amp;:has([data-writing-block])&gt;*]:pointer-events-auto [content-visibility:auto] supports-[content-visibility:auto]:[contain-intrinsic-size:auto_100lvh] scroll-mt-[calc(var(--header-height)+min(200px,max(70px,20svh)))]\" dir=\"auto\" tabindex=\"-1\" data-turn-id=\"67334327-1bd7-4558-af03-b8b69c1b4009\" data-testid=\"conversation-turn-72\" data-scroll-anchor=\"true\" data-turn=\"assistant\">\n<div class=\"text-base my-auto mx-auto pb-10 [--thread-content-margin:--spacing(4)] thread-sm:[--thread-content-margin:--spacing(6)] thread-lg:[--thread-content-margin:--spacing(16)] px-(--thread-content-margin)\">\n<div class=\"[--thread-content-max-width:40rem] thread-lg:[--thread-content-max-width:48rem] mx-auto max-w-(--thread-content-max-width) flex-1 group\/turn-messages focus-visible:outline-hidden relative flex w-full min-w-0 flex-col agent-turn\" tabindex=\"-1\">\n<div class=\"flex max-w-full flex-col grow\">\n<div class=\"min-h-8 text-message relative flex w-full flex-col items-end gap-2 text-start break-words whitespace-normal [.text-message+&amp;]:mt-1\" dir=\"auto\" data-message-author-role=\"assistant\" data-message-id=\"57f833a6-62d9-40d8-b706-24e944a2fdda\" data-message-model-slug=\"gpt-5\">\n<div class=\"flex w-full flex-col gap-1 empty:hidden first:pt-[1px]\">\n<div class=\"markdown prose dark:prose-invert w-full break-words light markdown-new-styling\">\n<p data-start=\"794\" data-end=\"963\" data-is-last-node=\"\" data-is-only-node=\"\">Im\u00e1n de neodimio rectangular 10\u00d710\u00d75 mm, de alta potencia y durabilidad, ideal para proyectos t\u00e9cnicos, electr\u00f3nicos y de sujeci\u00f3n magn\u00e9tica.<\/p>\n<\/div>\n<\/div>\n<\/div>\n<\/div>\n<\/div>\n<\/div>\n<\/article>\n","protected":false},"featured_media":994,"comment_status":"open","ping_status":"closed","template":"","meta":[],"product_brand":[],"product_cat":[54],"product_tag":[],"class_list":{"0":"post-993","1":"product","2":"type-product","3":"status-publish","4":"has-post-thumbnail","6":"product_cat-imanes","8":"first","9":"instock","10":"sale","11":"taxable","12":"shipping-taxable","13":"purchasable","14":"product-type-simple"},"_links":{"self":[{"href":"https:\/\/www.vicsun.pe\/es\/wp-json\/wp\/v2\/product\/993","targetHints":{"allow":["GET"]}}],"collection":[{"href":"https:\/\/www.vicsun.pe\/es\/wp-json\/wp\/v2\/product"}],"about":[{"href":"https:\/\/www.vicsun.pe\/es\/wp-json\/wp\/v2\/types\/product"}],"replies":[{"embeddable":true,"href":"https:\/\/www.vicsun.pe\/es\/wp-json\/wp\/v2\/comments?post=993"}],"wp:featuredmedia":[{"embeddable":true,"href":"https:\/\/www.vicsun.pe\/es\/wp-json\/wp\/v2\/media\/994"}],"wp:attachment":[{"href":"https:\/\/www.vicsun.pe\/es\/wp-json\/wp\/v2\/media?parent=993"}],"wp:term":[{"taxonomy":"product_brand","embeddable":true,"href":"https:\/\/www.vicsun.pe\/es\/wp-json\/wp\/v2\/product_brand?post=993"},{"taxonomy":"product_cat","embeddable":true,"href":"https:\/\/www.vicsun.pe\/es\/wp-json\/wp\/v2\/product_cat?post=993"},{"taxonomy":"product_tag","embeddable":true,"href":"https:\/\/www.vicsun.pe\/es\/wp-json\/wp\/v2\/product_tag?post=993"}],"curies":[{"name":"wp","href":"https:\/\/api.w.org\/{rel}","templated":true}]}}