{"id":997,"date":"2025-11-07T17:20:35","date_gmt":"2025-11-07T22:20:35","guid":{"rendered":"https:\/\/www.vicsun.pe\/?post_type=product&#038;p=997"},"modified":"2025-11-07T17:20:35","modified_gmt":"2025-11-07T22:20:35","slug":"kzy-153-iman-neodymiun-153","status":"publish","type":"product","link":"https:\/\/www.vicsun.pe\/es\/producto\/kzy-153-iman-neodymiun-153\/","title":{"rendered":"KZY-15*3 IMAN NEODYMIUN 15*3"},"content":{"rendered":"<p data-start=\"0\" data-end=\"293\">El <strong data-start=\"3\" data-end=\"45\">Im\u00e1n de Neodimio Redondo 15\u00d73 KZY-15*3<\/strong> es un im\u00e1n de alta potencia fabricado con neodimio, el material magn\u00e9tico m\u00e1s fuerte disponible comercialmente. Su dise\u00f1o compacto ofrece una fuerza de atracci\u00f3n excepcional en un tama\u00f1o reducido, ideal para aplicaciones t\u00e9cnicas y de precisi\u00f3n.<\/p>\n<p data-start=\"295\" data-end=\"330\">\ud83d\udd27 <strong data-start=\"298\" data-end=\"328\">Especificaciones t\u00e9cnicas:<\/strong><\/p>\n<ul data-start=\"331\" data-end=\"544\">\n<li data-start=\"331\" data-end=\"365\">\n<p data-start=\"333\" data-end=\"365\">Tipo: im\u00e1n de neodimio redondo<\/p>\n<\/li>\n<li data-start=\"366\" data-end=\"390\">\n<p data-start=\"368\" data-end=\"390\">Dimensiones: 15\u00d73 mm<\/p>\n<\/li>\n<li data-start=\"391\" data-end=\"436\">\n<p data-start=\"393\" data-end=\"436\">Alta fuerza magn\u00e9tica y densidad de campo<\/p>\n<\/li>\n<li data-start=\"437\" data-end=\"467\">\n<p data-start=\"439\" data-end=\"467\">Material: neodimio (NdFeB)<\/p>\n<\/li>\n<li data-start=\"468\" data-end=\"544\">\n<p data-start=\"470\" data-end=\"544\">Superficie niquelada para mayor durabilidad y resistencia a la corrosi\u00f3n<\/p>\n<\/li>\n<\/ul>\n<p data-start=\"546\" data-end=\"746\">\u26a1 <strong data-start=\"548\" data-end=\"565\">Aplicaciones:<\/strong><br data-start=\"565\" data-end=\"568\" \/>Perfecto para proyectos de ingenier\u00eda, rob\u00f3tica, cierres magn\u00e9ticos, sistemas de sensores, maquetas y aplicaciones industriales donde se requiera gran potencia en poco espacio.<\/p>\n","protected":false},"excerpt":{"rendered":"<article class=\"text-token-text-primary w-full focus:outline-none [--shadow-height:45px] has-data-writing-block:pointer-events-none has-data-writing-block:-mt-(--shadow-height) has-data-writing-block:pt-(--shadow-height) [&amp;:has([data-writing-block])&gt;*]:pointer-events-auto [content-visibility:auto] supports-[content-visibility:auto]:[contain-intrinsic-size:auto_100lvh] scroll-mt-[calc(var(--header-height)+min(200px,max(70px,20svh)))]\" dir=\"auto\" tabindex=\"-1\" data-turn-id=\"request-68b8aa5e-2310-832c-83b6-8fe399b957d9-4\" data-testid=\"conversation-turn-82\" data-scroll-anchor=\"true\" data-turn=\"assistant\">\n<div class=\"text-base my-auto mx-auto pb-10 [--thread-content-margin:--spacing(4)] thread-sm:[--thread-content-margin:--spacing(6)] thread-lg:[--thread-content-margin:--spacing(16)] px-(--thread-content-margin)\">\n<div class=\"[--thread-content-max-width:40rem] thread-lg:[--thread-content-max-width:48rem] mx-auto max-w-(--thread-content-max-width) flex-1 group\/turn-messages focus-visible:outline-hidden relative flex w-full min-w-0 flex-col agent-turn\" tabindex=\"-1\">\n<div class=\"flex max-w-full flex-col grow\">\n<div class=\"min-h-8 text-message relative flex w-full flex-col items-end gap-2 text-start break-words whitespace-normal [.text-message+&amp;]:mt-1\" dir=\"auto\" data-message-author-role=\"assistant\" data-message-id=\"9d4e08e2-47b3-4f3a-bf80-9f023c26e826\" data-message-model-slug=\"gpt-5\">\n<div class=\"flex w-full flex-col gap-1 empty:hidden first:pt-[1px]\">\n<div class=\"markdown prose dark:prose-invert w-full break-words light markdown-new-styling\">\n<p data-start=\"748\" data-end=\"930\" data-is-last-node=\"\" data-is-only-node=\"\">Im\u00e1n de neodimio redondo de 15\u00d73 mm, compacto y ultrapotente, ideal para proyectos t\u00e9cnicos, educativos e industriales que exijan m\u00e1xima fuerza magn\u00e9tica.<\/p>\n<\/div>\n<\/div>\n<\/div>\n<\/div>\n<\/div>\n<\/div>\n<\/article>\n","protected":false},"featured_media":998,"comment_status":"open","ping_status":"closed","template":"","meta":[],"product_brand":[],"product_cat":[54],"product_tag":[],"class_list":{"0":"post-997","1":"product","2":"type-product","3":"status-publish","4":"has-post-thumbnail","6":"product_cat-imanes","8":"first","9":"instock","10":"sale","11":"taxable","12":"shipping-taxable","13":"purchasable","14":"product-type-simple"},"_links":{"self":[{"href":"https:\/\/www.vicsun.pe\/es\/wp-json\/wp\/v2\/product\/997","targetHints":{"allow":["GET"]}}],"collection":[{"href":"https:\/\/www.vicsun.pe\/es\/wp-json\/wp\/v2\/product"}],"about":[{"href":"https:\/\/www.vicsun.pe\/es\/wp-json\/wp\/v2\/types\/product"}],"replies":[{"embeddable":true,"href":"https:\/\/www.vicsun.pe\/es\/wp-json\/wp\/v2\/comments?post=997"}],"wp:featuredmedia":[{"embeddable":true,"href":"https:\/\/www.vicsun.pe\/es\/wp-json\/wp\/v2\/media\/998"}],"wp:attachment":[{"href":"https:\/\/www.vicsun.pe\/es\/wp-json\/wp\/v2\/media?parent=997"}],"wp:term":[{"taxonomy":"product_brand","embeddable":true,"href":"https:\/\/www.vicsun.pe\/es\/wp-json\/wp\/v2\/product_brand?post=997"},{"taxonomy":"product_cat","embeddable":true,"href":"https:\/\/www.vicsun.pe\/es\/wp-json\/wp\/v2\/product_cat?post=997"},{"taxonomy":"product_tag","embeddable":true,"href":"https:\/\/www.vicsun.pe\/es\/wp-json\/wp\/v2\/product_tag?post=997"}],"curies":[{"name":"wp","href":"https:\/\/api.w.org\/{rel}","templated":true}]}}